{"id":22,"date":"2019-09-13T15:37:35","date_gmt":"2019-09-13T15:37:35","guid":{"rendered":"http:\/\/firatgida.com.tr\/?page_id=22"},"modified":"2024-05-01T07:17:37","modified_gmt":"2024-05-01T07:17:37","slug":"bize-ulasin","status":"publish","type":"page","link":"https:\/\/www.firatgida.com.tr\/index.php\/ana-sayfa-2\/bize-ulasin\/","title":{"rendered":"Bize ula\u015f\u0131n"},"content":{"rendered":"<p><a href=\"https:\/\/www.google.com\/maps\/place\/F%C4%B1rat+G%C4%B1da+Pazarlama+ve+Da%C4%9F%C4%B1t%C4%B1m+%C4%B0n%C5%9F.Turz.San.ve+Tic.Ltd.%C5%9Eti.\/@40.1655786,26.4302814,13z\/data=!4m5!3m4!1s0x0:0x1b2380447d811343!8m2!3d40.15913!4d26.467616\" data-wplink-edit=\"true\"><img loading=\"lazy\" decoding=\"async\" class=\"alignnone wp-image-394 \" src=\"http:\/\/www.firatgida.com.tr\/wp-content\/uploads\/2019\/09\/Ekran-Al\u0131nt\u0131s\u0131-1-300x123.jpg\" alt=\"\" width=\"676\" height=\"277\" srcset=\"https:\/\/www.firatgida.com.tr\/wp-content\/uploads\/2019\/09\/Ekran-Al\u0131nt\u0131s\u0131-1-300x123.jpg 300w, https:\/\/www.firatgida.com.tr\/wp-content\/uploads\/2019\/09\/Ekran-Al\u0131nt\u0131s\u0131-1-768x314.jpg 768w, https:\/\/www.firatgida.com.tr\/wp-content\/uploads\/2019\/09\/Ekran-Al\u0131nt\u0131s\u0131-1.jpg 803w\" sizes=\"auto, (max-width: 676px) 100vw, 676px\" \/><\/a><\/p>\n<h3><span style=\"color: #ffff99;\"><strong>Yol tarifi i\u00e7in haritaya t\u0131klay\u0131n\u0131z<\/strong><\/span><\/h3>\n<p><strong>Adres :<\/strong><\/p>\n<p><span style=\"font-family: 'Verdana',sans-serif;\">F\u0131rat G\u0131da Paz.ve Da\u011f.\u0130n\u015f.Tur.San.ve Tic.Ltd.\u015eti.<\/span><\/p>\n<p>Bursa Yolu 5. Km. Organize Sanayi B\u00f6lgesi 3.Cad.No:4<\/p>\n<p>\u00c7ANAKKALE<\/p>\n<p><strong>Telefon :\u00a0<\/strong>0 286 217 90 90\u00a0 pbx : 90 72 &#8211; 90 17<\/p>\n<p><strong>e-mail :\u00a0<\/strong>firatgida@firatgida.com.tr<\/p>\n","protected":false},"excerpt":{"rendered":"<p>Yol tarifi i\u00e7in haritaya t\u0131klay\u0131n\u0131z Adres : F\u0131rat G\u0131da Paz.ve Da\u011f.\u0130n\u015f.Tur.San.ve Tic.Ltd.\u015eti. Bursa Yolu 5. Km. Organize Sanayi B\u00f6lgesi 3.Cad.No:4 \u00c7ANAKKALE Telefon :\u00a00 286 217 90 90\u00a0 pbx : 90 72 &#8211; 90 17 e-mail :\u00a0firatgida@firatgida.com.tr<\/p>\n","protected":false},"author":1,"featured_media":384,"parent":11,"menu_order":0,"comment_status":"closed","ping_status":"closed","template":"","meta":{"footnotes":""},"class_list":["post-22","page","type-page","status-publish","has-post-thumbnail","hentry"],"_links":{"self":[{"href":"https:\/\/www.firatgida.com.tr\/index.php\/wp-json\/wp\/v2\/pages\/22","targetHints":{"allow":["GET"]}}],"collection":[{"href":"https:\/\/www.firatgida.com.tr\/index.php\/wp-json\/wp\/v2\/pages"}],"about":[{"href":"https:\/\/www.firatgida.com.tr\/index.php\/wp-json\/wp\/v2\/types\/page"}],"author":[{"embeddable":true,"href":"https:\/\/www.firatgida.com.tr\/index.php\/wp-json\/wp\/v2\/users\/1"}],"replies":[{"embeddable":true,"href":"https:\/\/www.firatgida.com.tr\/index.php\/wp-json\/wp\/v2\/comments?post=22"}],"version-history":[{"count":14,"href":"https:\/\/www.firatgida.com.tr\/index.php\/wp-json\/wp\/v2\/pages\/22\/revisions"}],"predecessor-version":[{"id":539,"href":"https:\/\/www.firatgida.com.tr\/index.php\/wp-json\/wp\/v2\/pages\/22\/revisions\/539"}],"up":[{"embeddable":true,"href":"https:\/\/www.firatgida.com.tr\/index.php\/wp-json\/wp\/v2\/pages\/11"}],"wp:featuredmedia":[{"embeddable":true,"href":"https:\/\/www.firatgida.com.tr\/index.php\/wp-json\/wp\/v2\/media\/384"}],"wp:attachment":[{"href":"https:\/\/www.firatgida.com.tr\/index.php\/wp-json\/wp\/v2\/media?parent=22"}],"curies":[{"name":"wp","href":"https:\/\/api.w.org\/{rel}","templated":true}]}}