{"id":20,"date":"2019-09-13T15:37:35","date_gmt":"2019-09-13T15:37:35","guid":{"rendered":"http:\/\/firatgida.com.tr\/?page_id=20"},"modified":"2019-09-26T10:26:12","modified_gmt":"2019-09-26T10:26:12","slug":"ana-sayfa","status":"publish","type":"page","link":"https:\/\/www.firatgida.com.tr\/index.php\/ana-sayfa-2\/ana-sayfa\/","title":{"rendered":"Hizmetlerimiz"},"content":{"rendered":"<p>Toptan g\u0131da, temizlik \u00fcr\u00fcnleri ve di\u011fer t\u00fcketim maddelerinin toptan sat\u0131\u015f, pazarlama ve da\u011f\u0131t\u0131m\u0131n\u0131 yapt\u0131\u011f\u0131m\u0131z \u00c7anakkale ilinde perakende ve ev d\u0131\u015f\u0131 t\u00fcketim sekt\u00f6r\u00fcnde faaliyet g\u00f6steren m\u00fc\u015fterilerimizin ihtiya\u00e7lar\u0131n\u0131 profesyonel ekibimiz ve y\u0131llar\u0131n tecr\u00fcbesi ile birle\u015ftirerek mutlak m\u00fc\u015fteri memnuniyeti anlay\u0131\u015f\u0131 ile hizmetlerimizi s\u00fcrd\u00fcrmekteyiz.<\/p>\n","protected":false},"excerpt":{"rendered":"<p>Toptan g\u0131da, temizlik \u00fcr\u00fcnleri ve di\u011fer t\u00fcketim maddelerinin toptan sat\u0131\u015f, pazarlama ve da\u011f\u0131t\u0131m\u0131n\u0131 yapt\u0131\u011f\u0131m\u0131z \u00c7anakkale ilinde perakende ve ev d\u0131\u015f\u0131 t\u00fcketim sekt\u00f6r\u00fcnde faaliyet g\u00f6steren m\u00fc\u015fterilerimizin ihtiya\u00e7lar\u0131n\u0131 profesyonel ekibimiz ve y\u0131llar\u0131n tecr\u00fcbesi ile birle\u015ftirerek mutlak m\u00fc\u015fteri memnuniyeti anlay\u0131\u015f\u0131 ile hizmetlerimizi s\u00fcrd\u00fcrmekteyiz.<\/p>\n","protected":false},"author":1,"featured_media":28,"parent":11,"menu_order":0,"comment_status":"closed","ping_status":"closed","template":"","meta":{"footnotes":""},"class_list":["post-20","page","type-page","status-publish","has-post-thumbnail","hentry"],"_links":{"self":[{"href":"https:\/\/www.firatgida.com.tr\/index.php\/wp-json\/wp\/v2\/pages\/20","targetHints":{"allow":["GET"]}}],"collection":[{"href":"https:\/\/www.firatgida.com.tr\/index.php\/wp-json\/wp\/v2\/pages"}],"about":[{"href":"https:\/\/www.firatgida.com.tr\/index.php\/wp-json\/wp\/v2\/types\/page"}],"author":[{"embeddable":true,"href":"https:\/\/www.firatgida.com.tr\/index.php\/wp-json\/wp\/v2\/users\/1"}],"replies":[{"embeddable":true,"href":"https:\/\/www.firatgida.com.tr\/index.php\/wp-json\/wp\/v2\/comments?post=20"}],"version-history":[{"count":4,"href":"https:\/\/www.firatgida.com.tr\/index.php\/wp-json\/wp\/v2\/pages\/20\/revisions"}],"predecessor-version":[{"id":168,"href":"https:\/\/www.firatgida.com.tr\/index.php\/wp-json\/wp\/v2\/pages\/20\/revisions\/168"}],"up":[{"embeddable":true,"href":"https:\/\/www.firatgida.com.tr\/index.php\/wp-json\/wp\/v2\/pages\/11"}],"wp:featuredmedia":[{"embeddable":true,"href":"https:\/\/www.firatgida.com.tr\/index.php\/wp-json\/wp\/v2\/media\/28"}],"wp:attachment":[{"href":"https:\/\/www.firatgida.com.tr\/index.php\/wp-json\/wp\/v2\/media?parent=20"}],"curies":[{"name":"wp","href":"https:\/\/api.w.org\/{rel}","templated":true}]}}