{"id":11,"date":"2019-09-14T07:14:57","date_gmt":"2019-09-14T07:14:57","guid":{"rendered":"http:\/\/firatgida.com.tr\/?page_id=11"},"modified":"2020-09-02T06:21:34","modified_gmt":"2020-09-02T06:21:34","slug":"ana-sayfa-2","status":"publish","type":"page","link":"https:\/\/www.firatgida.com.tr\/","title":{"rendered":"Ana sayfa"},"content":{"rendered":"<p><span style=\"color: #ffffff;\">F\u0131rat G\u0131da Pazarlama ve Da\u011f\u0131t\u0131m Ltd. \u015eti. olarak, Eczac\u0131ba\u015f\u0131 Temizlik,Ka\u011f\u0131t ve Dispo \u00e7\u00f6p torbalar\u0131, Koska,Do\u011fanay, Tahsildaro\u011flu, Demko Sal\u00e7a, Meysu, Yudum, Tuka\u015f, Oralet \u00c7ay ve Toz i\u00e7ecek, Tamtad, Stil Ayakkab\u0131 Boyalar\u0131, Otat Bakliyat, Muti G\u0131da (Donuk), Mutlu Makarna, \u015eark\u00f6y Sireke ve Limon Soslar\u0131, Lokman Re\u00e7el Grubu, Dr Oetker Yard\u0131mc\u0131 Malzame ve Tatland\u0131r\u0131c\u0131lar, \u0130ki Kap\u0131l\u0131 Baharat, Ege Tuz, Mgs \u015eeker, S\u00f6ke Un, Bolca Mant\u0131, Dgs Peynir Tatl\u0131s\u0131, \u0130lyada Zeytin Ve Ya\u011flar\u0131, Unilever Food Edt., Tamtad Edt. gibi bir\u00e7ok markan\u0131n ve firman\u0131n \u00c7anakkale b\u00f6lge distrib\u00fct\u00f6rl\u00fc\u011f\u00fcn\u00fc yapmaktay\u0131z.<\/span><\/p>\n<p><span style=\"color: #ffffff;\">\u00c7anakkale ili, il\u00e7eleri ve t\u00fcm yerle\u015fim yerlerindeki i\u015fletmelere g\u0131da, temizlik \u00fcr\u00fcnleri ve di\u011fer \u00fcr\u00fcnlerin toptan sat\u0131\u015f, pazarlama ve da\u011f\u0131t\u0131m hizmetini vermekteyiz.<\/span><\/p>\n<p><span style=\"color: #ffffff;\">Toptan g\u0131da, temizlik \u00fcr\u00fcnleri ve di\u011fer t\u00fcketim maddelerinin toptan sat\u0131\u015f, pazarlama ve da\u011f\u0131t\u0131m\u0131n\u0131 yapt\u0131\u011f\u0131m\u0131z \u00c7anakkale ilinde perakende sekt\u00f6rde faaliyet g\u00f6steren m\u00fc\u015fterilerimizin ihtiya\u00e7lar\u0131n\u0131 profesyonel ekibimiz ve y\u0131llar\u0131n tecr\u00fcbesi ile birle\u015ftirerek mutlak m\u00fc\u015fteri memnuniyeti anlay\u0131\u015f\u0131 ile hizmetlerimizi s\u00fcrd\u00fcrmekteyiz.<\/span><\/p>\n","protected":false},"excerpt":{"rendered":"<p>F\u0131rat G\u0131da Pazarlama ve Da\u011f\u0131t\u0131m Ltd. \u015eti. olarak, Eczac\u0131ba\u015f\u0131 Temizlik,Ka\u011f\u0131t ve Dispo \u00e7\u00f6p torbalar\u0131, Koska,Do\u011fanay, Tahsildaro\u011flu, Demko Sal\u00e7a, Meysu, Yudum, Tuka\u015f, Oralet \u00c7ay ve Toz i\u00e7ecek, Tamtad, Stil Ayakkab\u0131 Boyalar\u0131, Otat Bakliyat, Muti G\u0131da (Donuk), Mutlu Makarna, \u015eark\u00f6y Sireke ve Limon Soslar\u0131, Lokman Re\u00e7el Grubu, Dr Oetker Yard\u0131mc\u0131 Malzame ve Tatland\u0131r\u0131c\u0131lar, \u0130ki Kap\u0131l\u0131 Baharat, Ege &hellip; <\/p>\n<p class=\"link-more\"><a href=\"https:\/\/www.firatgida.com.tr\/\" class=\"more-link\">Okumaya devam et<span class=\"screen-reader-text\"> &#8220;Ana sayfa&#8221;<\/span><\/a><\/p>\n","protected":false},"author":1,"featured_media":88,"parent":0,"menu_order":0,"comment_status":"closed","ping_status":"closed","template":"","meta":{"footnotes":""},"class_list":["post-11","page","type-page","status-publish","has-post-thumbnail","hentry"],"_links":{"self":[{"href":"https:\/\/www.firatgida.com.tr\/index.php\/wp-json\/wp\/v2\/pages\/11","targetHints":{"allow":["GET"]}}],"collection":[{"href":"https:\/\/www.firatgida.com.tr\/index.php\/wp-json\/wp\/v2\/pages"}],"about":[{"href":"https:\/\/www.firatgida.com.tr\/index.php\/wp-json\/wp\/v2\/types\/page"}],"author":[{"embeddable":true,"href":"https:\/\/www.firatgida.com.tr\/index.php\/wp-json\/wp\/v2\/users\/1"}],"replies":[{"embeddable":true,"href":"https:\/\/www.firatgida.com.tr\/index.php\/wp-json\/wp\/v2\/comments?post=11"}],"version-history":[{"count":5,"href":"https:\/\/www.firatgida.com.tr\/index.php\/wp-json\/wp\/v2\/pages\/11\/revisions"}],"predecessor-version":[{"id":630,"href":"https:\/\/www.firatgida.com.tr\/index.php\/wp-json\/wp\/v2\/pages\/11\/revisions\/630"}],"wp:featuredmedia":[{"embeddable":true,"href":"https:\/\/www.firatgida.com.tr\/index.php\/wp-json\/wp\/v2\/media\/88"}],"wp:attachment":[{"href":"https:\/\/www.firatgida.com.tr\/index.php\/wp-json\/wp\/v2\/media?parent=11"}],"curies":[{"name":"wp","href":"https:\/\/api.w.org\/{rel}","templated":true}]}}